{"id":5896,"date":"2023-11-27T07:51:48","date_gmt":"2023-11-27T07:51:48","guid":{"rendered":"https:\/\/alcom-sports.com\/sportarten\/"},"modified":"2025-09-09T13:43:30","modified_gmt":"2025-09-09T13:43:30","slug":"sportarten","status":"publish","type":"page","link":"https:\/\/alcom-sports.com\/de\/sportarten\/","title":{"rendered":"Sportarten"},"content":{"rendered":"\n<p>Dies ist eine Beispielseite. Sie unterscheidet sich von einem Blog-Beitrag, da sie an einem Ort bleibt und in der Navigation deiner Website angezeigt wird (in den meisten Themes). Die meisten Leute beginnen mit einer \u201e\u00dcber mich\u201c-Seite, die sie potenziellen Website-Besuchern vorstellt. Sie k\u00f6nnte etwa so aussehen:   <\/p>\n\n<blockquote class=\"wp-block-quote is-layout-flow wp-block-quote-is-layout-flow\">\n<p>Hallo! Ich bin tags\u00fcber Fahrradkurier, nachts angehender Schauspieler, und das ist meine Website. Ich lebe in Los Angeles, habe einen tollen Hund namens Jack und mag Pi\u00f1a Coladas. (Und im Regen erwischt zu werden.)   <\/p>\n<\/blockquote>\n\n<p>&#8230;oder so \u00e4hnlich:<\/p>\n\n<blockquote class=\"wp-block-quote is-layout-flow wp-block-quote-is-layout-flow\">\n<p>Die XYZ Doohickey Company wurde 1971 gegr\u00fcndet und bietet seitdem der \u00d6ffentlichkeit hochwertige Doohickeys an. Das in Gotham City ans\u00e4ssige Unternehmen XYZ besch\u00e4ftigt \u00fcber 2.000 Mitarbeiter und tut allerlei tolle Dinge f\u00fcr die Gotham Community. <\/p>\n<\/blockquote>\n\n<p>Als neuer WordPress-Benutzer solltest du zu <a href=\"https:\/\/alcom-sports.com\/wp-admin\/\">deinem Dashboard<\/a> gehen, um diese Seite zu l\u00f6schen und neue Seiten f\u00fcr deine Inhalte zu erstellen. Viel Spa\u00df! <\/p>\n\n<div class=\"wp-block-group is-nowrap is-layout-flex wp-container-core-group-is-layout-6c531013 wp-block-group-is-layout-flex\">\n<figure class=\"wp-block-image size-full\"><a href=\"www.alcom.si\"><img loading=\"lazy\" decoding=\"async\" width=\"1000\" height=\"650\" src=\"https:\/\/alcom-sports.com\/wp-content\/uploads\/2023\/11\/Enduro1.jpg\" alt=\"\" class=\"wp-image-11\" srcset=\"https:\/\/alcom-sports.com\/wp-content\/uploads\/2023\/11\/Enduro1.jpg 1000w, https:\/\/alcom-sports.com\/wp-content\/uploads\/2023\/11\/Enduro1-300x195.jpg 300w, https:\/\/alcom-sports.com\/wp-content\/uploads\/2023\/11\/Enduro1-768x499.jpg 768w, https:\/\/alcom-sports.com\/wp-content\/uploads\/2023\/11\/Enduro1-18x12.jpg 18w\" sizes=\"auto, (max-width: 1000px) 100vw, 1000px\" \/><\/a><\/figure>\n\n\n\n<figure class=\"wp-block-image size-full\"><img loading=\"lazy\" decoding=\"async\" width=\"1000\" height=\"650\" src=\"https:\/\/alcom-sports.com\/wp-content\/uploads\/2023\/11\/Enduro_MTB1.jpg\" alt=\"\" class=\"wp-image-10\" style=\"object-fit:cover\" srcset=\"https:\/\/alcom-sports.com\/wp-content\/uploads\/2023\/11\/Enduro_MTB1.jpg 1000w, https:\/\/alcom-sports.com\/wp-content\/uploads\/2023\/11\/Enduro_MTB1-300x195.jpg 300w, https:\/\/alcom-sports.com\/wp-content\/uploads\/2023\/11\/Enduro_MTB1-768x499.jpg 768w, https:\/\/alcom-sports.com\/wp-content\/uploads\/2023\/11\/Enduro_MTB1-18x12.jpg 18w\" sizes=\"auto, (max-width: 1000px) 100vw, 1000px\" \/><\/figure>\n<\/div>\n\n<div class=\"wp-block-columns is-layout-flex wp-container-core-columns-is-layout-28f84493 wp-block-columns-is-layout-flex\">\n<div class=\"wp-block-column is-layout-flow wp-block-column-is-layout-flow\"><\/div>\n\n\n\n<div class=\"wp-block-column is-layout-flow wp-block-column-is-layout-flow\"><\/div>\n\n\n\n<div class=\"wp-block-column is-layout-flow wp-block-column-is-layout-flow\"><\/div>\n<\/div>\n\n<div class=\"wp-block-columns is-layout-flex wp-container-core-columns-is-layout-28f84493 wp-block-columns-is-layout-flex\">\n<div class=\"wp-block-column is-layout-flow wp-block-column-is-layout-flow\">\n<figure class=\"wp-block-image size-full\"><img loading=\"lazy\" decoding=\"async\" width=\"1000\" height=\"650\" src=\"https:\/\/alcom-sports.com\/wp-content\/uploads\/2023\/11\/Enduro1.jpg\" alt=\"\" class=\"wp-image-11\" srcset=\"https:\/\/alcom-sports.com\/wp-content\/uploads\/2023\/11\/Enduro1.jpg 1000w, https:\/\/alcom-sports.com\/wp-content\/uploads\/2023\/11\/Enduro1-300x195.jpg 300w, https:\/\/alcom-sports.com\/wp-content\/uploads\/2023\/11\/Enduro1-768x499.jpg 768w, https:\/\/alcom-sports.com\/wp-content\/uploads\/2023\/11\/Enduro1-18x12.jpg 18w\" sizes=\"auto, (max-width: 1000px) 100vw, 1000px\" \/><\/figure>\n<\/div>\n\n\n\n<div class=\"wp-block-column is-layout-flow wp-block-column-is-layout-flow\">\n<figure class=\"wp-block-image size-full\"><img loading=\"lazy\" decoding=\"async\" width=\"1000\" height=\"650\" src=\"https:\/\/alcom-sports.com\/wp-content\/uploads\/2023\/11\/Enduro_MTB1.jpg\" alt=\"\" class=\"wp-image-10\" srcset=\"https:\/\/alcom-sports.com\/wp-content\/uploads\/2023\/11\/Enduro_MTB1.jpg 1000w, https:\/\/alcom-sports.com\/wp-content\/uploads\/2023\/11\/Enduro_MTB1-300x195.jpg 300w, https:\/\/alcom-sports.com\/wp-content\/uploads\/2023\/11\/Enduro_MTB1-768x499.jpg 768w, https:\/\/alcom-sports.com\/wp-content\/uploads\/2023\/11\/Enduro_MTB1-18x12.jpg 18w\" sizes=\"auto, (max-width: 1000px) 100vw, 1000px\" \/><\/figure>\n<\/div>\n\n\n\n<div class=\"wp-block-column is-layout-flow wp-block-column-is-layout-flow\">\n<figure class=\"wp-block-image size-full\"><img decoding=\"async\" src=\"https:\/\/alcom-sports.com\/wp-content\/uploads\/2023\/11\/ReaderCalc.jpg\" alt=\"\" class=\"wp-image-12\"\/><\/figure>\n<\/div>\n<\/div>\n","protected":false},"excerpt":{"rendered":"<p>Dies ist eine Beispielseite. Sie unterscheidet sich von einem Blog-Beitrag, da sie an einem Ort bleibt und in der Navigation deiner Website angezeigt wird (in den meisten Themes). Die meisten Leute beginnen mit einer \u201e\u00dcber mich\u201c-Seite, die sie potenziellen Website-Besuchern vorstellt. Sie k\u00f6nnte etwa so aussehen: Hallo! Ich bin tags\u00fcber Fahrradkurier, nachts angehender Schauspieler, und &hellip; <\/p>\n<p class=\"link-more\"><a href=\"https:\/\/alcom-sports.com\/de\/sportarten\/\" class=\"more-link\">Mehr <span class=\"screen-reader-text\">\u00fcber &#8222;Sportarten\u201c <\/span>Lesen<\/a><\/p>\n","protected":false},"author":1,"featured_media":0,"parent":0,"menu_order":0,"comment_status":"closed","ping_status":"open","template":"","meta":{"_themeisle_gutenberg_block_has_review":false,"footnotes":""},"class_list":["post-5896","page","type-page","status-publish","hentry"],"yoast_head":"<!-- This site is optimized with the Yoast SEO plugin v26.6 - https:\/\/yoast.com\/wordpress\/plugins\/seo\/ -->\n<title>Sportarten - alcom-sports.com<\/title>\n<meta name=\"robots\" content=\"index, follow, max-snippet:-1, max-image-preview:large, max-video-preview:-1\" \/>\n<link rel=\"canonical\" href=\"https:\/\/alcom-sports.com\/de\/sportarten\/\" \/>\n<meta property=\"og:locale\" content=\"de_DE\" \/>\n<meta property=\"og:type\" content=\"article\" \/>\n<meta property=\"og:title\" content=\"Sportarten - alcom-sports.com\" \/>\n<meta property=\"og:description\" content=\"Dies ist eine Beispielseite. Sie unterscheidet sich von einem Blog-Beitrag, da sie an einem Ort bleibt und in der Navigation deiner Website angezeigt wird (in den meisten Themes). Die meisten Leute beginnen mit einer \u201e\u00dcber mich\u201c-Seite, die sie potenziellen Website-Besuchern vorstellt. Sie k\u00f6nnte etwa so aussehen: Hallo! Ich bin tags\u00fcber Fahrradkurier, nachts angehender Schauspieler, und &hellip; Mehr \u00fcber &quot;Sportarten&quot; Lesen\" \/>\n<meta property=\"og:url\" content=\"https:\/\/alcom-sports.com\/de\/sportarten\/\" \/>\n<meta property=\"og:site_name\" content=\"alcom-sports.com\" \/>\n<meta property=\"article:modified_time\" content=\"2025-09-09T13:43:30+00:00\" \/>\n<meta property=\"og:image\" content=\"https:\/\/alcom-sports.com\/wp-content\/uploads\/2023\/11\/Enduro1.jpg\" \/>\n\t<meta property=\"og:image:width\" content=\"1000\" \/>\n\t<meta property=\"og:image:height\" content=\"650\" \/>\n\t<meta property=\"og:image:type\" content=\"image\/jpeg\" \/>\n<meta name=\"twitter:card\" content=\"summary_large_image\" \/>\n<meta name=\"twitter:label1\" content=\"Gesch\u00e4tzte Lesezeit\" \/>\n\t<meta name=\"twitter:data1\" content=\"1\u00a0Minute\" \/>\n<script type=\"application\/ld+json\" class=\"yoast-schema-graph\">{\"@context\":\"https:\/\/schema.org\",\"@graph\":[{\"@type\":\"WebPage\",\"@id\":\"https:\/\/alcom-sports.com\/de\/sportarten\/\",\"url\":\"https:\/\/alcom-sports.com\/de\/sportarten\/\",\"name\":\"Sportarten - alcom-sports.com\",\"isPartOf\":{\"@id\":\"https:\/\/alcom-sports.com\/de\/#website\"},\"primaryImageOfPage\":{\"@id\":\"https:\/\/alcom-sports.com\/de\/sportarten\/#primaryimage\"},\"image\":{\"@id\":\"https:\/\/alcom-sports.com\/de\/sportarten\/#primaryimage\"},\"thumbnailUrl\":\"https:\/\/alcom-sports.com\/wp-content\/uploads\/2023\/11\/Enduro1.jpg\",\"datePublished\":\"2023-11-27T07:51:48+00:00\",\"dateModified\":\"2025-09-09T13:43:30+00:00\",\"breadcrumb\":{\"@id\":\"https:\/\/alcom-sports.com\/de\/sportarten\/#breadcrumb\"},\"inLanguage\":\"de\",\"potentialAction\":[{\"@type\":\"ReadAction\",\"target\":[\"https:\/\/alcom-sports.com\/de\/sportarten\/\"]}]},{\"@type\":\"ImageObject\",\"inLanguage\":\"de\",\"@id\":\"https:\/\/alcom-sports.com\/de\/sportarten\/#primaryimage\",\"url\":\"https:\/\/alcom-sports.com\/wp-content\/uploads\/2023\/11\/Enduro1.jpg\",\"contentUrl\":\"https:\/\/alcom-sports.com\/wp-content\/uploads\/2023\/11\/Enduro1.jpg\"},{\"@type\":\"BreadcrumbList\",\"@id\":\"https:\/\/alcom-sports.com\/de\/sportarten\/#breadcrumb\",\"itemListElement\":[{\"@type\":\"ListItem\",\"position\":1,\"name\":\"Startseite\",\"item\":\"https:\/\/alcom-sports.com\/de\/\"},{\"@type\":\"ListItem\",\"position\":2,\"name\":\"Sportarten\"}]},{\"@type\":\"WebSite\",\"@id\":\"https:\/\/alcom-sports.com\/de\/#website\",\"url\":\"https:\/\/alcom-sports.com\/de\/\",\"name\":\"alcom-sports.com\",\"description\":\"Sportbrillen mit oder ohne Dioptrie\",\"publisher\":{\"@id\":\"https:\/\/alcom-sports.com\/de\/#organization\"},\"alternateName\":\"Alcom\",\"potentialAction\":[{\"@type\":\"SearchAction\",\"target\":{\"@type\":\"EntryPoint\",\"urlTemplate\":\"https:\/\/alcom-sports.com\/de\/?s={search_term_string}\"},\"query-input\":{\"@type\":\"PropertyValueSpecification\",\"valueRequired\":true,\"valueName\":\"search_term_string\"}}],\"inLanguage\":\"de\"},{\"@type\":\"Organization\",\"@id\":\"https:\/\/alcom-sports.com\/de\/#organization\",\"name\":\"alcom-sports.com\",\"alternateName\":\"ALCOM d.o.o.\",\"url\":\"https:\/\/alcom-sports.com\/de\/\",\"logo\":{\"@type\":\"ImageObject\",\"inLanguage\":\"de\",\"@id\":\"https:\/\/alcom-sports.com\/de\/#\/schema\/logo\/image\/\",\"url\":\"https:\/\/alcom-sports.com\/wp-content\/uploads\/2023\/11\/cropped-Alcom-LogoA512.jpg\",\"contentUrl\":\"https:\/\/alcom-sports.com\/wp-content\/uploads\/2023\/11\/cropped-Alcom-LogoA512.jpg\",\"width\":512,\"height\":512,\"caption\":\"alcom-sports.com\"},\"image\":{\"@id\":\"https:\/\/alcom-sports.com\/de\/#\/schema\/logo\/image\/\"}}]}<\/script>\n<!-- \/ Yoast SEO plugin. -->","yoast_head_json":{"title":"Sportarten - alcom-sports.com","robots":{"index":"index","follow":"follow","max-snippet":"max-snippet:-1","max-image-preview":"max-image-preview:large","max-video-preview":"max-video-preview:-1"},"canonical":"https:\/\/alcom-sports.com\/de\/sportarten\/","og_locale":"de_DE","og_type":"article","og_title":"Sportarten - alcom-sports.com","og_description":"Dies ist eine Beispielseite. Sie unterscheidet sich von einem Blog-Beitrag, da sie an einem Ort bleibt und in der Navigation deiner Website angezeigt wird (in den meisten Themes). Die meisten Leute beginnen mit einer \u201e\u00dcber mich\u201c-Seite, die sie potenziellen Website-Besuchern vorstellt. Sie k\u00f6nnte etwa so aussehen: Hallo! Ich bin tags\u00fcber Fahrradkurier, nachts angehender Schauspieler, und &hellip; Mehr \u00fcber \"Sportarten\" Lesen","og_url":"https:\/\/alcom-sports.com\/de\/sportarten\/","og_site_name":"alcom-sports.com","article_modified_time":"2025-09-09T13:43:30+00:00","og_image":[{"width":1000,"height":650,"url":"https:\/\/alcom-sports.com\/wp-content\/uploads\/2023\/11\/Enduro1.jpg","type":"image\/jpeg"}],"twitter_card":"summary_large_image","twitter_misc":{"Gesch\u00e4tzte Lesezeit":"1\u00a0Minute"},"schema":{"@context":"https:\/\/schema.org","@graph":[{"@type":"WebPage","@id":"https:\/\/alcom-sports.com\/de\/sportarten\/","url":"https:\/\/alcom-sports.com\/de\/sportarten\/","name":"Sportarten - alcom-sports.com","isPartOf":{"@id":"https:\/\/alcom-sports.com\/de\/#website"},"primaryImageOfPage":{"@id":"https:\/\/alcom-sports.com\/de\/sportarten\/#primaryimage"},"image":{"@id":"https:\/\/alcom-sports.com\/de\/sportarten\/#primaryimage"},"thumbnailUrl":"https:\/\/alcom-sports.com\/wp-content\/uploads\/2023\/11\/Enduro1.jpg","datePublished":"2023-11-27T07:51:48+00:00","dateModified":"2025-09-09T13:43:30+00:00","breadcrumb":{"@id":"https:\/\/alcom-sports.com\/de\/sportarten\/#breadcrumb"},"inLanguage":"de","potentialAction":[{"@type":"ReadAction","target":["https:\/\/alcom-sports.com\/de\/sportarten\/"]}]},{"@type":"ImageObject","inLanguage":"de","@id":"https:\/\/alcom-sports.com\/de\/sportarten\/#primaryimage","url":"https:\/\/alcom-sports.com\/wp-content\/uploads\/2023\/11\/Enduro1.jpg","contentUrl":"https:\/\/alcom-sports.com\/wp-content\/uploads\/2023\/11\/Enduro1.jpg"},{"@type":"BreadcrumbList","@id":"https:\/\/alcom-sports.com\/de\/sportarten\/#breadcrumb","itemListElement":[{"@type":"ListItem","position":1,"name":"Startseite","item":"https:\/\/alcom-sports.com\/de\/"},{"@type":"ListItem","position":2,"name":"Sportarten"}]},{"@type":"WebSite","@id":"https:\/\/alcom-sports.com\/de\/#website","url":"https:\/\/alcom-sports.com\/de\/","name":"alcom-sports.com","description":"Sportbrillen mit oder ohne Dioptrie","publisher":{"@id":"https:\/\/alcom-sports.com\/de\/#organization"},"alternateName":"Alcom","potentialAction":[{"@type":"SearchAction","target":{"@type":"EntryPoint","urlTemplate":"https:\/\/alcom-sports.com\/de\/?s={search_term_string}"},"query-input":{"@type":"PropertyValueSpecification","valueRequired":true,"valueName":"search_term_string"}}],"inLanguage":"de"},{"@type":"Organization","@id":"https:\/\/alcom-sports.com\/de\/#organization","name":"alcom-sports.com","alternateName":"ALCOM d.o.o.","url":"https:\/\/alcom-sports.com\/de\/","logo":{"@type":"ImageObject","inLanguage":"de","@id":"https:\/\/alcom-sports.com\/de\/#\/schema\/logo\/image\/","url":"https:\/\/alcom-sports.com\/wp-content\/uploads\/2023\/11\/cropped-Alcom-LogoA512.jpg","contentUrl":"https:\/\/alcom-sports.com\/wp-content\/uploads\/2023\/11\/cropped-Alcom-LogoA512.jpg","width":512,"height":512,"caption":"alcom-sports.com"},"image":{"@id":"https:\/\/alcom-sports.com\/de\/#\/schema\/logo\/image\/"}}]}},"_links":{"self":[{"href":"https:\/\/alcom-sports.com\/de\/wp-json\/wp\/v2\/pages\/5896","targetHints":{"allow":["GET"]}}],"collection":[{"href":"https:\/\/alcom-sports.com\/de\/wp-json\/wp\/v2\/pages"}],"about":[{"href":"https:\/\/alcom-sports.com\/de\/wp-json\/wp\/v2\/types\/page"}],"author":[{"embeddable":true,"href":"https:\/\/alcom-sports.com\/de\/wp-json\/wp\/v2\/users\/1"}],"replies":[{"embeddable":true,"href":"https:\/\/alcom-sports.com\/de\/wp-json\/wp\/v2\/comments?post=5896"}],"version-history":[{"count":2,"href":"https:\/\/alcom-sports.com\/de\/wp-json\/wp\/v2\/pages\/5896\/revisions"}],"predecessor-version":[{"id":5966,"href":"https:\/\/alcom-sports.com\/de\/wp-json\/wp\/v2\/pages\/5896\/revisions\/5966"}],"wp:attachment":[{"href":"https:\/\/alcom-sports.com\/de\/wp-json\/wp\/v2\/media?parent=5896"}],"curies":[{"name":"wp","href":"https:\/\/api.w.org\/{rel}","templated":true}]}}